{"id":3152,"date":"2018-10-22T23:41:00","date_gmt":"2018-10-22T23:41:00","guid":{"rendered":"https:\/\/otc.pt\/wp\/?page_id=3152"},"modified":"2023-09-17T13:21:52","modified_gmt":"2023-09-17T12:21:52","slug":"links","status":"publish","type":"page","link":"https:\/\/otc.pt\/wp\/links\/","title":{"rendered":"Links"},"content":{"rendered":"<h3><a href=\"https:\/\/otc.pt\/wp\/links\/associacoes-de-trabalhadores-cientificos\/\"><span style=\"color: #993300;\"><strong><span style=\"margin: 0px; font-family: 'Helvetica',sans-serif;\"><span lang=\"PT\" style=\"margin: 0px; padding: 0cm; border: 1pt windowtext; font-family: 'inherit',serif; text-decoration: none;\">Associa\u00e7\u00f5es de Trabalhadores Cient\u00edficos<\/span><\/span><\/strong><\/span><\/a><\/h3>\n<p><span style=\"color: #993300;\"><strong><span style=\"margin: 0px; line-height: 107%; font-family: 'Helvetica',sans-serif; font-size: 14pt;\"><span lang=\"PT\" style=\"margin: 0px; padding: 0cm; border: 1pt windowtext; font-family: 'inherit',serif; text-decoration: none;\">Centros de Investiga\u00e7\u00e3o<\/span><\/span><\/strong><\/span><\/p>\n","protected":false},"excerpt":{"rendered":"<div class=\"mh-excerpt\"><p>Associa\u00e7\u00f5es de Trabalhadores Cient\u00edficos Centros de Investiga\u00e7\u00e3o<\/p>\n<\/div>","protected":false},"author":1,"featured_media":0,"parent":0,"menu_order":0,"comment_status":"closed","ping_status":"closed","template":"","meta":{"footnotes":""},"class_list":["post-3152","page","type-page","status-publish"],"_links":{"self":[{"href":"https:\/\/otc.pt\/wp\/wp-json\/wp\/v2\/pages\/3152","targetHints":{"allow":["GET"]}}],"collection":[{"href":"https:\/\/otc.pt\/wp\/wp-json\/wp\/v2\/pages"}],"about":[{"href":"https:\/\/otc.pt\/wp\/wp-json\/wp\/v2\/types\/page"}],"author":[{"embeddable":true,"href":"https:\/\/otc.pt\/wp\/wp-json\/wp\/v2\/users\/1"}],"replies":[{"embeddable":true,"href":"https:\/\/otc.pt\/wp\/wp-json\/wp\/v2\/comments?post=3152"}],"version-history":[{"count":3,"href":"https:\/\/otc.pt\/wp\/wp-json\/wp\/v2\/pages\/3152\/revisions"}],"predecessor-version":[{"id":3202,"href":"https:\/\/otc.pt\/wp\/wp-json\/wp\/v2\/pages\/3152\/revisions\/3202"}],"wp:attachment":[{"href":"https:\/\/otc.pt\/wp\/wp-json\/wp\/v2\/media?parent=3152"}],"curies":[{"name":"wp","href":"https:\/\/api.w.org\/{rel}","templated":true}]}}