{"id":3159,"date":"2018-10-22T22:45:34","date_gmt":"2018-10-22T22:45:34","guid":{"rendered":"https:\/\/otc.pt\/wp\/?page_id=3159"},"modified":"2021-09-27T10:51:29","modified_gmt":"2021-09-27T09:51:29","slug":"a-nossa-historia","status":"publish","type":"page","link":"https:\/\/otc.pt\/wp\/quem-somos\/a-nossa-historia\/","title":{"rendered":"As nossas origens"},"content":{"rendered":"<p><span lang=\"PT\" style=\"margin: 0px; padding: 0cm; border: 1pt windowtext; color: black; font-family: 'inherit',serif; font-size: 13.5pt;\">1969-Um grupo de trabalhadores cient\u00edficos come\u00e7ou a reunir-se com o objectivo de lan\u00ad\u00e7ar uma organiza\u00e7\u00e3o de trabalhadores cient\u00edficos.<\/span><\/p>\n<p><span lang=\"PT\" style=\"margin: 0px; padding: 0cm; border: 1pt windowtext; color: black; font-family: 'inherit',serif; font-size: 13.5pt;\">1970-Essas reuni\u00f5es levaram \u00e0 realiza\u00e7\u00e3o de col\u00f3quios na Ordem dos Engenheiros, e \u00e0 constitui\u00e7\u00e3o de uma primeira comiss\u00e3o pro\u00admotora de uma Associa\u00e7\u00e3o Portuguesa de Trabalhadores Cient\u00edficos. N\u00e3o teve continuidade.<\/span><\/p>\n<p><span lang=\"PT\" style=\"margin: 0px; padding: 0cm; border: 1pt windowtext; color: black; font-family: 'inherit',serif; font-size: 13.5pt;\">1973-Rein\u00edcio de actividades do grupo inicial, ligado \u00e0 Federa\u00e7\u00e3o Mundial dos Trabalhadores Cient\u00edficos (FMTC).<\/span><\/p>\n<p><span lang=\"PT\" style=\"margin: 0px; padding: 0cm; border: 1pt windowtext; color: black; font-family: 'inherit',serif; font-size: 13.5pt;\">18\/5\/74-Trabalhadores da Faculdade de Letras de Lisboa e Instituto de Al\u00adta Cultura convocam uma Assembleia Geral para discuss\u00e3o de problemas ligados \u00e0 actividade cient\u00edfica.<\/span><\/p>\n<p><span lang=\"PT\" style=\"margin: 0px; padding: 0cm; border: 1pt windowtext; color: black; font-family: 'inherit',serif; font-size: 13.5pt;\">28\/5\/74-Realiza-se outra Assembleia Geral, no Lab. Nac. de Eng\u00aa. Civil, convocada inicialmente para 9\/5 pelo grupo ligado \u00e0 FMTC. \u00c9 eleita uma Comiss\u00e3o pro-sindical.<\/span><\/p>\n<p><span lang=\"PT\" style=\"margin: 0px; color: black; font-family: 'Helvetica',sans-serif; font-size: 10.5pt;\">\u00a0<\/span><img loading=\"lazy\" decoding=\"async\" class=\"size-full wp-image-3160\" src=\"https:\/\/otc.pt\/wp\/wp-content\/uploads\/2018\/10\/Not\u00edcia-DN1975.jpg\" alt=\"\" width=\"1333\" height=\"2695\" srcset=\"https:\/\/otc.pt\/wp\/wp-content\/uploads\/2018\/10\/Not\u00edcia-DN1975.jpg 1333w, https:\/\/otc.pt\/wp\/wp-content\/uploads\/2018\/10\/Not\u00edcia-DN1975-148x300.jpg 148w, https:\/\/otc.pt\/wp\/wp-content\/uploads\/2018\/10\/Not\u00edcia-DN1975-768x1553.jpg 768w, https:\/\/otc.pt\/wp\/wp-content\/uploads\/2018\/10\/Not\u00edcia-DN1975-506x1024.jpg 506w\" sizes=\"auto, (max-width: 1333px) 100vw, 1333px\" \/><\/p>\n<p>Picture Elements, Inc. ISE\/SSE<\/p>\n<p align=\"center\"><span style=\"font-size: 14pt;\"><b><span lang=\"PT\" style=\"margin: 0px; padding: 0cm; border: 1pt windowtext; color: black; font-family: 'inherit',serif;\">Recorte do Di\u00e1rio de Not\u00edcias de 15 de Fevereiro de 1975<\/span><\/b><\/span><\/p>\n<p><span lang=\"PT\" style=\"margin: 0px; padding: 0cm; border: 1pt windowtext; color: black; font-family: 'inherit',serif; font-size: 13.5pt;\">31\/5\/74-Em Assembleia Geral na Faculdade de Letras unificam-se os dois movimentos. Reorganiza-se a Comiss\u00e3o, que recebe o encargo de preparar um Encontro Nacional de Trabalhadores Cient\u00edficos.<\/span><\/p>\n<p><span lang=\"PT\" style=\"margin: 0px; padding: 0cm; border: 1pt windowtext; color: black; font-family: 'inherit',serif; font-size: 13.5pt;\">29\/6\/74-Realiza-se o Encontro na Faculdade de Medicina de Lisboa. \u00c9 apro\u00advada a proposta anexa e eleita uma Comiss\u00e3o Nacional Pr\u00f3-Organiza\u00e7\u00e3o dos Trabalhadores Cient\u00edficos: Zilda Gama Carvalho, Eug\u00e9nio Leit\u00e3o, Isabel Moita e Jos\u00e9 Gaspar Teixeira, e os seguintes representantes da zona Sul: Miriam Halpern Pereira, Adelaide Figueira Moreira, Fernando Nunes Correia e Lu\u00eds Lindley Cintra.<\/span><\/p>\n<p><span lang=\"PT\" style=\"margin: 0px; padding: 0cm; border: 1pt windowtext; color: black; font-family: 'inherit',serif; font-size: 13.5pt;\">17\/7\/74-Os trabalhadores cient\u00edficos da zona Norte elegem os seus repre\u00adsentantes na Comiss\u00e3o Nacional: Armando de Castro, Aida Roque da Silva, Lu\u00eds Oliveira Dias e C\u00e2ndida Pacheco.<\/span><\/p>\n<p><span lang=\"PT\" style=\"margin: 0px; padding: 0cm; border: 1pt windowtext; color: black; font-family: 'inherit',serif; font-size: 13.5pt;\">18\/7\/74-Elei\u00e7\u00e3o dos representantes da zona Centro: Pedroso de Lima, Jorge Paiva, Maria Em\u00edlia Saraiva, Jos\u00e9 Lu\u00eds Cabral.<\/span><\/p>\n<p><span lang=\"PT\" style=\"margin: 0px; padding: 0cm; border: 1pt windowtext; color: black; font-family: 'inherit',serif; font-size: 13.5pt;\">Julho a Novembro \u2013 A Comiss\u00e3o re\u00fane periodicamente, estabelece contactos com entidades governamentais e obt\u00e9m o seu reconhecimento oficial.<\/span><\/p>\n<p><span lang=\"PT\" style=\"margin: 0px; padding: 0cm; border: 1pt windowtext; color: black; font-family: 'inherit',serif; font-size: 13.5pt;\">-Estabelece-se contactos nos diversos locais de trabalho e alcan\u00ad\u00e7a-se progressivamente o alargamento da Comiss\u00e3o, que tem reunido se\u00admanalmente para preparar um 2\u00ba Encontro Nacional.<\/span><\/p>\n<p><span lang=\"PT\" style=\"margin: 0px; padding: 0cm; border: 1pt windowtext; color: black; font-family: 'inherit',serif; font-size: 13.5pt;\">-Participa\u00e7\u00e3o nas Jornadas Democr\u00e1ticas (Sec\u00e7\u00e3o \u201cEnsino e Cultura\u201d, subsec\u00e7\u00e3o \u201cInvestigar\u00e3o cientifica e t\u00e9cnica\u201d).<\/span><\/p>\n<p><span lang=\"PT\" style=\"margin: 0px; padding: 0cm; border: 1pt windowtext; color: black; font-family: 'inherit',serif; font-size: 13.5pt;\">-Participa\u00e7\u00e3o cr\u00edtica na reuni\u00e3o convocada pela Secretaria de Estado dos Assuntos Culturais e Investiga\u00e7\u00e3o Cientifica para reestrutura\u00e7\u00e3o do I.A.C.<\/span><\/p>\n<p><span lang=\"PT\" style=\"margin: 0px; padding: 0cm; border: 1pt windowtext; color: black; font-family: 'inherit',serif; font-size: 13.5pt;\">-Elabora\u00e7\u00e3o e difus\u00e3o dos documentos \u201cSobre as linhas gerais de ac\u00e7\u00e3o da Organiza\u00e7\u00e3o dos Trabalhadores Cient\u00edficos\u201d e \u201cA Organiza\u00e7\u00e3o dos Trabalhadores Cient\u00edficos nos locais de trabalho\u201d.<\/span><\/p>\n<p><span lang=\"PT\" style=\"margin: 0px; padding: 0cm; border: 1pt windowtext; color: black; font-family: 'inherit',serif; font-size: 13.5pt;\">19\/11- Em reuni\u00e3o da Comiss\u00e3o (zona Sul) fica estabelecido, em princ\u00edpio, sujeito a confirma\u00e7\u00e3o dos colegas do Norte e Centro, a realiza\u00e7\u00e3o do 2\u00ba Encontro a 14 de Dezembro, para institucionaliza\u00e7\u00e3o da OTC.<\/span><\/p>\n","protected":false},"excerpt":{"rendered":"<div class=\"mh-excerpt\"><p>1969-Um grupo de trabalhadores cient\u00edficos come\u00e7ou a reunir-se com o objectivo de lan\u00ad\u00e7ar uma organiza\u00e7\u00e3o de trabalhadores cient\u00edficos. 1970-Essas reuni\u00f5es levaram \u00e0 realiza\u00e7\u00e3o de col\u00f3quios na Ordem dos Engenheiros, e \u00e0 constitui\u00e7\u00e3o de uma primeira <a class=\"mh-excerpt-more\" href=\"https:\/\/otc.pt\/wp\/quem-somos\/a-nossa-historia\/\" title=\"As nossas origens\">[Ler mais]<\/a><\/p>\n<\/div>","protected":false},"author":1,"featured_media":0,"parent":2850,"menu_order":0,"comment_status":"closed","ping_status":"closed","template":"","meta":{"footnotes":""},"class_list":["post-3159","page","type-page","status-publish"],"_links":{"self":[{"href":"https:\/\/otc.pt\/wp\/wp-json\/wp\/v2\/pages\/3159","targetHints":{"allow":["GET"]}}],"collection":[{"href":"https:\/\/otc.pt\/wp\/wp-json\/wp\/v2\/pages"}],"about":[{"href":"https:\/\/otc.pt\/wp\/wp-json\/wp\/v2\/types\/page"}],"author":[{"embeddable":true,"href":"https:\/\/otc.pt\/wp\/wp-json\/wp\/v2\/users\/1"}],"replies":[{"embeddable":true,"href":"https:\/\/otc.pt\/wp\/wp-json\/wp\/v2\/comments?post=3159"}],"version-history":[{"count":4,"href":"https:\/\/otc.pt\/wp\/wp-json\/wp\/v2\/pages\/3159\/revisions"}],"predecessor-version":[{"id":8552,"href":"https:\/\/otc.pt\/wp\/wp-json\/wp\/v2\/pages\/3159\/revisions\/8552"}],"up":[{"embeddable":true,"href":"https:\/\/otc.pt\/wp\/wp-json\/wp\/v2\/pages\/2850"}],"wp:attachment":[{"href":"https:\/\/otc.pt\/wp\/wp-json\/wp\/v2\/media?parent=3159"}],"curies":[{"name":"wp","href":"https:\/\/api.w.org\/{rel}","templated":true}]}}